{"id":4782,"date":"2018-08-26T18:06:31","date_gmt":"2018-08-26T16:06:31","guid":{"rendered":"https:\/\/www.sennenweb.nl\/NVAEGZ\/?page_id=4782"},"modified":"2025-10-14T11:41:30","modified_gmt":"2025-10-14T09:41:30","slug":"servicepakket","status":"publish","type":"page","link":"https:\/\/www.sennenweb.nl\/NVAEGZ\/vereniging\/servicepakket\/","title":{"rendered":"Lidmaatschap met Servicepakket"},"content":{"rendered":"\n<h3 class=\"wp-block-heading\">Servicepakket<\/h3>\n\n\n\n<p>Sinds 2018 bestond er een lidmaatschap met servicepakket voor de pupkopers van onze vereniging. Bij de aanschaf van een pup bij een verenigingsfokker kon het servicepakket afgesloten worden tegen een extra betaling van 50 euro. <\/p>\n\n\n\n<h3 class=\"wp-block-heading\">Niet langer aangeboden<\/h3>\n\n\n\n<p>Op de ledenvergadering van 6 september 2025 is besloten het servicepakket niet langer aan te bieden en iedere verenigingspup, een pup gekocht bij een fokker aangesloten bij de NVAEGZ, voordelen te bieden los van een lidmaatschap bij de vereniging.<\/p>\n\n\n\n<h3 class=\"wp-block-heading\">Inhoud servicepakket<\/h3>\n\n\n\n<p>Het voormalige servicepakket houdt het volgende in voor de koper: <\/p>\n\n\n\n<p>Koper maakt tegen een extra bijdrage van \u20ac 50,- (vijftig Euro) gebruik van het Servicepakket* van de vereniging. Dit houdt in:<\/p>\n\n\n\n<ul class=\"wp-block-list\">\n<li>Een jaar lang gratis lidmaatschap van de NVAEGZ;<\/li>\n\n\n\n<li>\u00c9\u00e9n keer gratis meedoen met de Jongehondendag<\/li>\n\n\n\n<li>\u00c9\u00e9n extra keer gratis meedoen met de Jongehondendag dan wel \u00e9\u00e9n keer gratis meedoen met de Kampioenschapsclubmatch in de (jongste)puppy- of jeugklasse;<\/li>\n\n\n\n<li>Op \u00e9\u00e9n van de verenigingsactiviteiten een gratis onderzoek naar Patella Luxatie (voor Appenzellerpups) of een gratis ECVO onderzoek (voor Entlebucher- en Grote Zwitserpups)**<\/li>\n<\/ul>\n\n\n\n<p>\u00a0* \u00a0\u00a0Het servicepakket is niet inwisselbaar voor geld of overdraagbaar aan derden en geldt alleen voor de hond waarvoor het servicepakket is afgesloten en is 3 jaar geldig<br>** \u00a0De onderzoeksresultaten worden ter beschikking gesteld aan de NVAEGZ<\/p>\n\n\n\n<h3 class=\"wp-block-heading\">Overgangsregeling<\/h3>\n\n\n\n<p>Alle leden met een servicepakket behouden het recht op bovengenoemde zaken met de volgende aanpassingen\/aanvullingen:<\/p>\n\n\n\n<ul class=\"wp-block-list\">\n<li>Een verenigingspup geboren vanaf 1 januari 2023 mag extra nog eenmalig gratis deelnemen aan de rasinventarisatie.<\/li>\n\n\n\n<li>Het gratis onderzoek naar Patella Luxatie of gratis ECVO-onderozek mag op eigen gelegenheid uitgevoerd worden en de kosten hiervan eenmalig worden gedeclareerd bij de penningmeester.<\/li>\n<\/ul>\n\n\n\n<h3 class=\"wp-block-heading\">Verenigingspups vanaf 7 september 2025<\/h3>\n\n\n\n<p>Heb je een pup gekocht bij een verenigingsfokker vanaf 7 september 2025? Dan heb je een coupon ontvangen met een kortingscode. Deze kun je invoeren als je mee wilt doen aan de Kampioenschapsclubmatch. Verder mag een verenigingspup ook eenmalig gratis deelnemen aan de JongeHondenDag en aan de Rasinventarisatie. Daarvoor is de kortingscode niet noodzakelijk.<\/p>\n\n\n\n<p>Ben je ook lid van de vereniging? Dan zijn de screeningsonderzoeken voor jouw hond ook te declareren bij de vereniging.<\/p>\n","protected":false},"excerpt":{"rendered":"<p>Servicepakket Sinds 2018 bestond er een lidmaatschap met servicepakket voor de pupkopers van onze vereniging. Bij de aanschaf van een pup bij een verenigingsfokker kon het servicepakket afgesloten worden tegen een extra betaling van 50 euro. Niet langer aangeboden Op &hellip;<\/p>\n<p class=\"read-more\"> <a class=\"more-link\" href=\"https:\/\/www.sennenweb.nl\/NVAEGZ\/vereniging\/servicepakket\/\"> <span class=\"screen-reader-text\">Lidmaatschap met Servicepakket<\/span> Meer lezen &raquo;<\/a><\/p>\n","protected":false},"author":4,"featured_media":0,"parent":8,"menu_order":0,"comment_status":"closed","ping_status":"closed","template":"","meta":{"ngg_post_thumbnail":0,"footnotes":""},"class_list":["post-4782","page","type-page","status-publish","hentry"],"featured_image_src":"","featured_image_src_square":false,"rbea_author_info":{"display_name":"Sennenweb beheerder","author_link":"https:\/\/www.sennenweb.nl\/NVAEGZ\/author\/sennenweb-beheerder-2\/"},"rbea_excerpt_info":"Servicepakket Sinds 2018 bestond er een lidmaatschap met servicepakket voor de pupkopers van onze vereniging. Bij de aanschaf van een pup bij een verenigingsfokker kon het servicepakket afgesloten worden tegen een extra betaling van 50 euro. Niet langer aangeboden Op &hellip;<p class=\"read-more\"> <a class=\"more-link\" href=\"https:\/\/www.sennenweb.nl\/NVAEGZ\/vereniging\/servicepakket\/\"> <span class=\"screen-reader-text\">Lidmaatschap met Servicepakket<\/span> Meer lezen &raquo;<\/a><\/p>","_links":{"self":[{"href":"https:\/\/www.sennenweb.nl\/NVAEGZ\/wp-json\/wp\/v2\/pages\/4782","targetHints":{"allow":["GET"]}}],"collection":[{"href":"https:\/\/www.sennenweb.nl\/NVAEGZ\/wp-json\/wp\/v2\/pages"}],"about":[{"href":"https:\/\/www.sennenweb.nl\/NVAEGZ\/wp-json\/wp\/v2\/types\/page"}],"author":[{"embeddable":true,"href":"https:\/\/www.sennenweb.nl\/NVAEGZ\/wp-json\/wp\/v2\/users\/4"}],"replies":[{"embeddable":true,"href":"https:\/\/www.sennenweb.nl\/NVAEGZ\/wp-json\/wp\/v2\/comments?post=4782"}],"version-history":[{"count":5,"href":"https:\/\/www.sennenweb.nl\/NVAEGZ\/wp-json\/wp\/v2\/pages\/4782\/revisions"}],"predecessor-version":[{"id":10709,"href":"https:\/\/www.sennenweb.nl\/NVAEGZ\/wp-json\/wp\/v2\/pages\/4782\/revisions\/10709"}],"up":[{"embeddable":true,"href":"https:\/\/www.sennenweb.nl\/NVAEGZ\/wp-json\/wp\/v2\/pages\/8"}],"wp:attachment":[{"href":"https:\/\/www.sennenweb.nl\/NVAEGZ\/wp-json\/wp\/v2\/media?parent=4782"}],"curies":[{"name":"wp","href":"https:\/\/api.w.org\/{rel}","templated":true}]}}