{"id":47,"date":"2012-10-05T17:47:10","date_gmt":"2012-10-05T17:47:10","guid":{"rendered":"https:\/\/www.sennenweb.nl\/NVAEGZ\/?page_id=47"},"modified":"2024-05-01T22:00:58","modified_gmt":"2024-05-01T20:00:58","slug":"links","status":"publish","type":"page","link":"https:\/\/www.sennenweb.nl\/NVAEGZ\/vereniging\/links\/","title":{"rendered":"Links"},"content":{"rendered":"\n<h2 class=\"wp-block-heading\">Sennenhonden Links<\/h2>\n\n\n\n<ul class=\"wp-block-list\">\n<li><a href=\"http:\/\/www.ssv-ev.de\/\" target=\"_blank\" rel=\"noopener\">Schweizer Sennenhund-Verein f\u00fcr Deutschland e.V.(SSV)<\/a><\/li>\n\n\n\n<li><a href=\"http:\/\/www.vssoe.at\" target=\"_blank\" rel=\"noopener\">Verein f\u00fcr Schweizer Sennenhunde in \u00d6sterreich (VSS\u00d6)<\/a><\/li>\n\n\n\n<li><a href=\"https:\/\/sennenhonden.net\/\" target=\"_blank\" rel=\"noreferrer noopener\">Belgische Klub voor Zwitserse Sennenhonden<\/a><\/li>\n\n\n\n<li><a href=\"http:\/\/www.fhv-online.nl\" target=\"_blank\" rel=\"noopener\">Federatie van Herdershonden en Veedrijvers<\/a><\/li>\n\n\n\n<li><a href=\"http:\/\/www.appenzeller-sennenhunde-club.com\/\" target=\"_blank\" rel=\"noopener\">De Zwitserse (land van herkomst)&nbsp; Appenzeller Sennenhond site&nbsp;<\/a><\/li>\n\n\n\n<li><a href=\"http:\/\/www.gssh.ch\/\" target=\"_blank\" rel=\"noopener\">Klub f\u00fcr Grosse Schweizer Sennenhunden <\/a>(Zwitserland)<\/li>\n\n\n\n<li><a href=\"http:\/\/www.entlebuchersennenhunde.ch\/\" target=\"_blank\" rel=\"noopener\">Zwitserse Entlebucher Club<\/a><\/li>\n<\/ul>\n\n\n\n<h2 class=\"wp-block-heading\">Algemene links:<\/h2>\n\n\n\n<ul class=\"wp-block-list\">\n<li><a href=\"https:\/\/houdenvanhonden.nl\" target=\"_blank\" rel=\"noopener\">Raad van beheer<\/a> (home)<\/li>\n\n\n\n<li><a href=\"http:\/\/www.dierenasiels.com\" target=\"_blank\" rel=\"noopener\">Asiels<\/a><\/li>\n<\/ul>\n\n\n\n<h2 class=\"wp-block-heading\">Sponsoren<\/h2>\n\n\n\n<figure class=\"wp-block-image aligncenter\"><a href=\"https:\/\/www.bfpetfood.nl\" target=\"_blank\" rel=\"noreferrer noopener\"><img fetchpriority=\"high\" decoding=\"async\" width=\"2560\" height=\"1810\" src=\"https:\/\/www.sennenweb.nl\/NVAEGZ\/wp-content\/uploads\/2022\/08\/BR-PETFOOD-A4-sponsor-liggend-scaled.jpg\" alt=\"Sponsor afbeelding BF Petfood\" class=\"wp-image-6692\" srcset=\"https:\/\/www.sennenweb.nl\/NVAEGZ\/wp-content\/uploads\/2022\/08\/BR-PETFOOD-A4-sponsor-liggend-scaled.jpg 2560w, https:\/\/www.sennenweb.nl\/NVAEGZ\/wp-content\/uploads\/2022\/08\/BR-PETFOOD-A4-sponsor-liggend-300x212.jpg 300w, https:\/\/www.sennenweb.nl\/NVAEGZ\/wp-content\/uploads\/2022\/08\/BR-PETFOOD-A4-sponsor-liggend-1024x724.jpg 1024w, https:\/\/www.sennenweb.nl\/NVAEGZ\/wp-content\/uploads\/2022\/08\/BR-PETFOOD-A4-sponsor-liggend-768x543.jpg 768w, https:\/\/www.sennenweb.nl\/NVAEGZ\/wp-content\/uploads\/2022\/08\/BR-PETFOOD-A4-sponsor-liggend-1536x1086.jpg 1536w, https:\/\/www.sennenweb.nl\/NVAEGZ\/wp-content\/uploads\/2022\/08\/BR-PETFOOD-A4-sponsor-liggend-2048x1448.jpg 2048w, https:\/\/www.sennenweb.nl\/NVAEGZ\/wp-content\/uploads\/2022\/08\/BR-PETFOOD-A4-sponsor-liggend-100x71.jpg 100w, https:\/\/www.sennenweb.nl\/NVAEGZ\/wp-content\/uploads\/2022\/08\/BR-PETFOOD-A4-sponsor-liggend-150x106.jpg 150w, https:\/\/www.sennenweb.nl\/NVAEGZ\/wp-content\/uploads\/2022\/08\/BR-PETFOOD-A4-sponsor-liggend-200x141.jpg 200w, https:\/\/www.sennenweb.nl\/NVAEGZ\/wp-content\/uploads\/2022\/08\/BR-PETFOOD-A4-sponsor-liggend-450x318.jpg 450w, https:\/\/www.sennenweb.nl\/NVAEGZ\/wp-content\/uploads\/2022\/08\/BR-PETFOOD-A4-sponsor-liggend-600x424.jpg 600w, https:\/\/www.sennenweb.nl\/NVAEGZ\/wp-content\/uploads\/2022\/08\/BR-PETFOOD-A4-sponsor-liggend-900x636.jpg 900w\" sizes=\"(max-width: 2560px) 100vw, 2560px\" \/><\/a><figcaption class=\"wp-element-caption\">BF Petfood is sponsor van de NVAEGZ<br><a href=\"http:\/\/www.bfpetfood.nl\" target=\"_blank\" rel=\"noreferrer noopener sponsored nofollow\">http:\/\/www.bfpetfood.nl<\/a><\/figcaption><\/figure>\n\n\n\n<p>N.B.<br>Wij willen u er op wijzen dat onze vereniging niet in kan staan voor de correctheid van alle beweringen op de genoemde sites.<\/p>\n\n\n\n<hr class=\"wp-block-separator has-alpha-channel-opacity\"\/>\n\n\n\n<p>Wij maken gebruik van OnlineDogShows.eu voor de registratie en organisatie van onze Kampioenschapsclubmatch in 2024.<\/p>\n\n\n\n<figure class=\"wp-block-image size-full\"><a href=\"https:\/\/onlinedogshows.eu\" target=\"_blank\" rel=\"noreferrer noopener\"><img decoding=\"async\" width=\"870\" height=\"238\" src=\"https:\/\/www.sennenweb.nl\/NVAEGZ\/wp-content\/uploads\/2022\/10\/ODS_Logo.png\" alt=\"OnlineDogShows\" class=\"wp-image-6991\" srcset=\"https:\/\/www.sennenweb.nl\/NVAEGZ\/wp-content\/uploads\/2022\/10\/ODS_Logo.png 870w, https:\/\/www.sennenweb.nl\/NVAEGZ\/wp-content\/uploads\/2022\/10\/ODS_Logo-300x82.png 300w, https:\/\/www.sennenweb.nl\/NVAEGZ\/wp-content\/uploads\/2022\/10\/ODS_Logo-768x210.png 768w, https:\/\/www.sennenweb.nl\/NVAEGZ\/wp-content\/uploads\/2022\/10\/ODS_Logo-100x27.png 100w, https:\/\/www.sennenweb.nl\/NVAEGZ\/wp-content\/uploads\/2022\/10\/ODS_Logo-150x41.png 150w, https:\/\/www.sennenweb.nl\/NVAEGZ\/wp-content\/uploads\/2022\/10\/ODS_Logo-200x55.png 200w, https:\/\/www.sennenweb.nl\/NVAEGZ\/wp-content\/uploads\/2022\/10\/ODS_Logo-450x123.png 450w, https:\/\/www.sennenweb.nl\/NVAEGZ\/wp-content\/uploads\/2022\/10\/ODS_Logo-600x164.png 600w\" sizes=\"(max-width: 870px) 100vw, 870px\" \/><\/a><\/figure>\n","protected":false},"excerpt":{"rendered":"<p>Sennenhonden Links Algemene links: Sponsoren N.B.Wij willen u er op wijzen dat onze vereniging niet in kan staan voor de correctheid van alle beweringen op de genoemde sites. Wij maken gebruik van OnlineDogShows.eu voor de registratie en organisatie van onze &hellip;<\/p>\n<p class=\"read-more\"> <a class=\"more-link\" href=\"https:\/\/www.sennenweb.nl\/NVAEGZ\/vereniging\/links\/\"> <span class=\"screen-reader-text\">Links<\/span> Meer lezen &raquo;<\/a><\/p>\n","protected":false},"author":4,"featured_media":0,"parent":8,"menu_order":7,"comment_status":"closed","ping_status":"closed","template":"","meta":{"ngg_post_thumbnail":0,"footnotes":""},"class_list":["post-47","page","type-page","status-publish","hentry"],"featured_image_src":"","featured_image_src_square":false,"rbea_author_info":{"display_name":"Sennenweb beheerder","author_link":"https:\/\/www.sennenweb.nl\/NVAEGZ\/author\/sennenweb-beheerder-2\/"},"rbea_excerpt_info":"Sennenhonden Links Algemene links: Sponsoren N.B.Wij willen u er op wijzen dat onze vereniging niet in kan staan voor de correctheid van alle beweringen op de genoemde sites. Wij maken gebruik van OnlineDogShows.eu voor de registratie en organisatie van onze &hellip;<p class=\"read-more\"> <a class=\"more-link\" href=\"https:\/\/www.sennenweb.nl\/NVAEGZ\/vereniging\/links\/\"> <span class=\"screen-reader-text\">Links<\/span> Meer lezen &raquo;<\/a><\/p>","_links":{"self":[{"href":"https:\/\/www.sennenweb.nl\/NVAEGZ\/wp-json\/wp\/v2\/pages\/47","targetHints":{"allow":["GET"]}}],"collection":[{"href":"https:\/\/www.sennenweb.nl\/NVAEGZ\/wp-json\/wp\/v2\/pages"}],"about":[{"href":"https:\/\/www.sennenweb.nl\/NVAEGZ\/wp-json\/wp\/v2\/types\/page"}],"author":[{"embeddable":true,"href":"https:\/\/www.sennenweb.nl\/NVAEGZ\/wp-json\/wp\/v2\/users\/4"}],"replies":[{"embeddable":true,"href":"https:\/\/www.sennenweb.nl\/NVAEGZ\/wp-json\/wp\/v2\/comments?post=47"}],"version-history":[{"count":2,"href":"https:\/\/www.sennenweb.nl\/NVAEGZ\/wp-json\/wp\/v2\/pages\/47\/revisions"}],"predecessor-version":[{"id":8320,"href":"https:\/\/www.sennenweb.nl\/NVAEGZ\/wp-json\/wp\/v2\/pages\/47\/revisions\/8320"}],"up":[{"embeddable":true,"href":"https:\/\/www.sennenweb.nl\/NVAEGZ\/wp-json\/wp\/v2\/pages\/8"}],"wp:attachment":[{"href":"https:\/\/www.sennenweb.nl\/NVAEGZ\/wp-json\/wp\/v2\/media?parent=47"}],"curies":[{"name":"wp","href":"https:\/\/api.w.org\/{rel}","templated":true}]}}