{"id":23,"date":"2012-10-05T17:05:19","date_gmt":"2012-10-05T17:05:19","guid":{"rendered":"https:\/\/www.sennenweb.nl\/NVAEGZ\/?page_id=23"},"modified":"2025-05-13T20:17:10","modified_gmt":"2025-05-13T18:17:10","slug":"lidmaatschap","status":"publish","type":"page","link":"https:\/\/www.sennenweb.nl\/NVAEGZ\/vereniging\/lidmaatschap\/","title":{"rendered":"Lidmaatschap"},"content":{"rendered":"\n<p>Iedereen is welkom om lid te worden van onze vereniging; met of zonder Appenzeller, Entlebucher of Grote Zwitserse Sennenhond en ook met of zonder hond of met of zonder stamboom.<\/p>\n\n\n\n<div class=\"wp-block-columns is-layout-flex wp-container-core-columns-is-layout-9d6595d7 wp-block-columns-is-layout-flex\">\n<div class=\"wp-block-column is-layout-flow wp-block-column-is-layout-flow\">\n<div class=\"wp-block-buttons is-layout-flex wp-block-buttons-is-layout-flex\">\n<div class=\"wp-block-button has-custom-width wp-block-button__width-100\"><a class=\"wp-block-button__link has-text-align-center wp-element-button\" href=\"https:\/\/www.sennenweb.nl\/NVAEGZ\/vereniging\/lidmaatschap\/aanmelding-lidmaatschap\/\">Ik wil mij meteen online aanmelden als lid van de vereniging<\/a><\/div>\n<\/div>\n\n\n\n<p><\/p>\n<\/div>\n<\/div>\n\n\n\n<h2 class=\"wp-block-heading\">Rechten en plichten lidmaatschap<\/h2>\n\n\n\n<p>Als lid heb je stemrecht op een Algemene Ledenvergadering. Desgewenst kunnen huisgenoten gezinslid worden, ook zij hebben dan stemrecht. Voor elk lid of gezinslid moet een afzonderlijk aanmeldingsformulier gemaakt worden. Het lidmaatschap is dan ook persoonlijk.<\/p>\n\n\n\n<p>Uiteraard ontvang je als lid alle informatie over de activiteiten van de vereniging. E\u00e9nmaal per jaar ontvang je het clubblad, de Sennenpost. De rest van het jaar houden we je op de hoogte via de Sennen Mail. Deze ontvang je ongeveer 1 keer in de zes weken via de e-mail. Al je huisgenoten zijn bij evenementen van onze vereniging van harte welkom, ook zonder gezinslid te zijn. Alleen leden en gezinsleden hebben toegang tot de Algemene Ledenvergadering.<\/p>\n\n\n\n<p>Ieder lid moet zich houden aan de Statuten en het Huishoudelijk Reglement en aan de regels voor het fokken, de VerenigingsFokReglementen.<\/p>\n\n\n\n<p>Als lid heb je recht op voorlichting bij de aanschaf van een hond, advies bij het fokken en het bepalen van geschikte partners voor je hond en hulp bij mogelijke opvoedings- en\/of gedragsproblemen.<\/p>\n\n\n\n<p>Na aanmelding ben je eerst aspirant-lid. Je naam wordt in de eerstvolgende Sennen Mail gepubliceerd. Indien er na twee weken geen bezwaren tegen je lidmaatschap zijn ingediend, ben je officieel lid van de vereniging.<\/p>\n\n\n\n<p>De contributie bedraagt \u20ac 35,00 per jaar (bij automatische incasso). Gezinsleden betalen \u20ac 15,00 per jaar. We waarderen het enorm wanneer je via automatische incasso de contributie gaat betalen. Dat scheelt onze vrijwilligers een hoop tijd!<\/p>\n\n\n\n<h2 class=\"wp-block-heading\">Aanmeldingsformulier per post of e-mail<\/h2>\n\n\n\n<p>Kun je het bovenstaande online aanmeldingsformulier niet gebruiken, download dan onderstaande aanmeldingsformulier:<\/p>\n\n\n<section class='__wpdm_gb_section __wpdm_gb_package'><div class='w3eden'><!-- WPDM Link Template: Button Template -->\n\n<a class='wpdm-download-link download-on-click btn btn-primary ' rel='nofollow' href='#' data-downloadurl=\"https:\/\/www.sennenweb.nl\/NVAEGZ\/download\/aanmeldingsformulier-lidmaatschap\/?wpdmdl=5344&#038;refresh=69f0c154da44c1777385812\">Download het aanmeldingsformulier<\/a><\/div><\/section>\n\n\n<p>Voor versturing per post print je het gedownloade aanmeldingsformulier, vult het in en stuurt het <strong><em>ondertekende<\/em><\/strong> formulier per post naar de ledenadministratie (adres hieronder).<\/p>\n\n\n\n<p>Voor versturing per e-mail graag zorgen dat het gedownloade formulier ingevuld is en het <strong><em>ondertekende<\/em><\/strong> formulier inscannen (of opslaan) als PDF en als bijlage per e-mail sturen aan <strong>ledenadministratie@sennenweb.nl<\/strong>.<\/p>\n\n\n\n<figure class=\"wp-block-table\"><table><tbody><tr><td>NVAEGZ<br>t.a.v. ledenadministratie<br>Genteweg 1<br>1794 HK Oosterend<br><\/td><td>Mw. Anne Wouters<br><a href=\"tel:+31612136393\">+31 6 12 13 63 93<\/a><br><a href=\"mailto:ledenadministratie@sennenweb.nl?subject=Lidmaatschap\" target=\"_blank\" rel=\"noreferrer noopener\">ledenadministratie@sennenweb.nl<\/a><\/td><\/tr><\/tbody><\/table><\/figure>\n\n\n\n<h2 class=\"wp-block-heading\">Opzegging lidmaatschap<\/h2>\n\n\n\n<p>Het lidmaatschap loopt van januari tot januari. Wanneer je je lidmaatschap wilt be\u00ebindigen, moet het worden opgezegd v\u00f3\u00f3r 3 december van het lopende jaar. Bij niet tijdige opzegging ben je wettelijk verplicht de contributie over het volgende jaar te betalen. Nu kijken wij echt niet op een&nbsp;paar dagen, maar de vereniging&nbsp;is verplicht om afdracht aan de Raad van Beheer te doen over het aantal leden per 1 januari en de ledenadministratie heeft tijd nodig om alles te verwerken.<\/p>\n\n\n\n<p>Opzegging is alleen schriftelijk mogelijk en het liefst per e-mail. E-mail je opzegging aan<a href=\"mailto:ledenadministratie@sennenweb.nl?subject=Opzeggen%20lidmaatschap\" target=\"_blank\" rel=\"noreferrer noopener\"> ledenadministratie@sennenweb.nl<\/a> of stuur een brief&nbsp;naar de ledenadministratie via bovenstaand adres<b>. <\/b><\/p>\n","protected":false},"excerpt":{"rendered":"<p>Iedereen is welkom om lid te worden van onze vereniging; met of zonder Appenzeller, Entlebucher of Grote Zwitserse Sennenhond en ook met of zonder hond of met of zonder stamboom. Rechten en plichten lidmaatschap Als lid heb je stemrecht op &hellip;<\/p>\n<p class=\"read-more\"> <a class=\"more-link\" href=\"https:\/\/www.sennenweb.nl\/NVAEGZ\/vereniging\/lidmaatschap\/\"> <span class=\"screen-reader-text\">Lidmaatschap<\/span> Meer lezen &raquo;<\/a><\/p>\n","protected":false},"author":4,"featured_media":0,"parent":8,"menu_order":1,"comment_status":"closed","ping_status":"closed","template":"","meta":{"ngg_post_thumbnail":0,"footnotes":""},"class_list":["post-23","page","type-page","status-publish","hentry"],"featured_image_src":"","featured_image_src_square":false,"rbea_author_info":{"display_name":"Sennenweb beheerder","author_link":"https:\/\/www.sennenweb.nl\/NVAEGZ\/author\/sennenweb-beheerder-2\/"},"rbea_excerpt_info":"Iedereen is welkom om lid te worden van onze vereniging; met of zonder Appenzeller, Entlebucher of Grote Zwitserse Sennenhond en ook met of zonder hond of met of zonder stamboom. Rechten en plichten lidmaatschap Als lid heb je stemrecht op &hellip;<p class=\"read-more\"> <a class=\"more-link\" href=\"https:\/\/www.sennenweb.nl\/NVAEGZ\/vereniging\/lidmaatschap\/\"> <span class=\"screen-reader-text\">Lidmaatschap<\/span> Meer lezen &raquo;<\/a><\/p>","_links":{"self":[{"href":"https:\/\/www.sennenweb.nl\/NVAEGZ\/wp-json\/wp\/v2\/pages\/23","targetHints":{"allow":["GET"]}}],"collection":[{"href":"https:\/\/www.sennenweb.nl\/NVAEGZ\/wp-json\/wp\/v2\/pages"}],"about":[{"href":"https:\/\/www.sennenweb.nl\/NVAEGZ\/wp-json\/wp\/v2\/types\/page"}],"author":[{"embeddable":true,"href":"https:\/\/www.sennenweb.nl\/NVAEGZ\/wp-json\/wp\/v2\/users\/4"}],"replies":[{"embeddable":true,"href":"https:\/\/www.sennenweb.nl\/NVAEGZ\/wp-json\/wp\/v2\/comments?post=23"}],"version-history":[{"count":15,"href":"https:\/\/www.sennenweb.nl\/NVAEGZ\/wp-json\/wp\/v2\/pages\/23\/revisions"}],"predecessor-version":[{"id":9552,"href":"https:\/\/www.sennenweb.nl\/NVAEGZ\/wp-json\/wp\/v2\/pages\/23\/revisions\/9552"}],"up":[{"embeddable":true,"href":"https:\/\/www.sennenweb.nl\/NVAEGZ\/wp-json\/wp\/v2\/pages\/8"}],"wp:attachment":[{"href":"https:\/\/www.sennenweb.nl\/NVAEGZ\/wp-json\/wp\/v2\/media?parent=23"}],"curies":[{"name":"wp","href":"https:\/\/api.w.org\/{rel}","templated":true}]}}