{"id":10394,"date":"2025-08-26T08:24:51","date_gmt":"2025-08-26T06:24:51","guid":{"rendered":"https:\/\/www.sennenweb.nl\/NVAEGZ\/?page_id=10394"},"modified":"2026-03-28T17:50:49","modified_gmt":"2026-03-28T16:50:49","slug":"dekreuen-nvaegz","status":"publish","type":"page","link":"https:\/\/www.sennenweb.nl\/NVAEGZ\/dekreuen-nvaegz\/","title":{"rendered":"Dekreuen NVAEGZ"},"content":{"rendered":"\t\t<div data-elementor-type=\"wp-page\" data-elementor-id=\"10394\" class=\"elementor elementor-10394\">\n\t\t\t\t\t\t<section class=\"elementor-section elementor-top-section elementor-element elementor-element-a15d635 elementor-section-boxed elementor-section-height-default elementor-section-height-default rael-particle-no\" data-id=\"a15d635\" data-element_type=\"section\" data-e-type=\"section\" data-settings=\"{&quot;rae_animations_entrance&quot;:&quot;none&quot;}\">\n\t\t\t\t\t\t<div class=\"elementor-container elementor-column-gap-default\">\n\t\t\t\t\t<div class=\"elementor-column elementor-col-100 elementor-top-column elementor-element elementor-element-56ed0dd rael-particle-no\" data-id=\"56ed0dd\" data-element_type=\"column\" data-e-type=\"column\">\n\t\t\t<div class=\"elementor-widget-wrap elementor-element-populated\">\n\t\t\t\t\t\t<div class=\"elementor-element elementor-element-93b07e0 elementor-widget elementor-widget-text-editor\" data-id=\"93b07e0\" data-element_type=\"widget\" data-e-type=\"widget\" data-widget_type=\"text-editor.default\">\n\t\t\t\t<div class=\"elementor-widget-container\">\n\t\t\t\t\t\t\t\t\t<p>Onderstaande reuen zijn aangekeurd volgens het VerenigingsFokReglement (VFR) van het betreffende ras. Hun gegevens zijn te raadplegen door op hun foto te klikken. Neem contact op met de eigenaar voor een mogelijke dekking. Houd er rekening mee dat sommige reuen alleen nog maar beschikbaar zijn voor dekkingen in het buitenland.<\/p>\t\t\t\t\t\t\t\t<\/div>\n\t\t\t\t<\/div>\n\t\t\t\t\t<\/div>\n\t\t<\/div>\n\t\t\t\t\t<\/div>\n\t\t<\/section>\n\t\t\t\t<section class=\"elementor-section elementor-top-section elementor-element elementor-element-56036b2 elementor-section-boxed elementor-section-height-default elementor-section-height-default rael-particle-no\" data-id=\"56036b2\" data-element_type=\"section\" data-e-type=\"section\" data-settings=\"{&quot;rae_animations_entrance&quot;:&quot;none&quot;}\">\n\t\t\t\t\t\t<div class=\"elementor-container elementor-column-gap-default\">\n\t\t\t\t\t<div class=\"elementor-column elementor-col-100 elementor-top-column elementor-element elementor-element-7a377e5 rael-particle-no\" data-id=\"7a377e5\" data-element_type=\"column\" data-e-type=\"column\">\n\t\t\t<div class=\"elementor-widget-wrap elementor-element-populated\">\n\t\t\t\t\t\t<div class=\"elementor-element elementor-element-8046ea0 elementor-widget__width-initial elementor-widget elementor-widget-heading\" data-id=\"8046ea0\" data-element_type=\"widget\" data-e-type=\"widget\" data-widget_type=\"heading.default\">\n\t\t\t\t<div class=\"elementor-widget-container\">\n\t\t\t\t\t<h2 class=\"elementor-heading-title elementor-size-default\">Appenzeller Sennenhonden<\/h2>\t\t\t\t<\/div>\n\t\t\t\t<\/div>\n\t\t\t\t<section class=\"elementor-section elementor-inner-section elementor-element elementor-element-be8b348 elementor-section-boxed elementor-section-height-default elementor-section-height-default rael-particle-no\" data-id=\"be8b348\" data-element_type=\"section\" data-e-type=\"section\" data-settings=\"{&quot;rae_animations_entrance&quot;:&quot;none&quot;}\">\n\t\t\t\t\t\t<div class=\"elementor-container elementor-column-gap-default\">\n\t\t\t\t\t<div class=\"elementor-column elementor-col-33 elementor-inner-column elementor-element elementor-element-7850557 rael-particle-no\" data-id=\"7850557\" data-element_type=\"column\" data-e-type=\"column\">\n\t\t\t<div class=\"elementor-widget-wrap elementor-element-populated\">\n\t\t\t\t\t\t<div class=\"elementor-element elementor-element-1765901 elementor-widget elementor-widget-image\" data-id=\"1765901\" data-element_type=\"widget\" data-e-type=\"widget\" data-widget_type=\"image.default\">\n\t\t\t\t<div class=\"elementor-widget-container\">\n\t\t\t\t\t\t\t\t\t\t\t\t<figure class=\"wp-caption\">\n\t\t\t\t\t\t\t\t\t\t\t<a href=\"https:\/\/www.sennenweb.nl\/NVAEGZ\/wp-content\/uploads\/2025\/08\/Dosti-von-Looses-Reith.pdf\" target=\"_blank\">\n\t\t\t\t\t\t\t<img decoding=\"async\" width=\"216\" height=\"216\" src=\"https:\/\/www.sennenweb.nl\/NVAEGZ\/wp-content\/uploads\/2025\/08\/Dosti-von-Looses-Reith.png\" class=\"attachment-large size-large wp-image-10456\" alt=\"\" srcset=\"https:\/\/www.sennenweb.nl\/NVAEGZ\/wp-content\/uploads\/2025\/08\/Dosti-von-Looses-Reith.png 216w, https:\/\/www.sennenweb.nl\/NVAEGZ\/wp-content\/uploads\/2025\/08\/Dosti-von-Looses-Reith-150x150.png 150w, https:\/\/www.sennenweb.nl\/NVAEGZ\/wp-content\/uploads\/2025\/08\/Dosti-von-Looses-Reith-100x100.png 100w, https:\/\/www.sennenweb.nl\/NVAEGZ\/wp-content\/uploads\/2025\/08\/Dosti-von-Looses-Reith-200x200.png 200w\" sizes=\"(max-width: 216px) 100vw, 216px\" \/>\t\t\t\t\t\t\t\t<\/a>\n\t\t\t\t\t\t\t\t\t\t\t<figcaption class=\"widget-image-caption wp-caption-text\">D\u00f6sti von Looses-Reith<\/figcaption>\n\t\t\t\t\t\t\t\t\t\t<\/figure>\n\t\t\t\t\t\t\t\t\t<\/div>\n\t\t\t\t<\/div>\n\t\t\t\t\t<\/div>\n\t\t<\/div>\n\t\t\t\t<div class=\"elementor-column elementor-col-33 elementor-inner-column elementor-element elementor-element-f525d2d rael-particle-no\" data-id=\"f525d2d\" data-element_type=\"column\" data-e-type=\"column\">\n\t\t\t<div class=\"elementor-widget-wrap elementor-element-populated\">\n\t\t\t\t\t\t<div class=\"elementor-element elementor-element-02bab97 elementor-widget elementor-widget-image\" data-id=\"02bab97\" data-element_type=\"widget\" data-e-type=\"widget\" data-widget_type=\"image.default\">\n\t\t\t\t<div class=\"elementor-widget-container\">\n\t\t\t\t\t\t\t\t\t\t\t\t<figure class=\"wp-caption\">\n\t\t\t\t\t\t\t\t\t\t\t<a href=\"https:\/\/www.sennenweb.nl\/NVAEGZ\/wp-content\/uploads\/2026\/02\/Tonka-dit-Tibbe-de-Sources-de-Feanor.pdf\" target=\"_blank\">\n\t\t\t\t\t\t\t<img decoding=\"async\" width=\"216\" height=\"216\" src=\"https:\/\/www.sennenweb.nl\/NVAEGZ\/wp-content\/uploads\/2025\/08\/Tonka-dit-Tibbe-de-Sources-de-Feanor.jpg\" class=\"attachment-large size-large wp-image-10420\" alt=\"\" srcset=\"https:\/\/www.sennenweb.nl\/NVAEGZ\/wp-content\/uploads\/2025\/08\/Tonka-dit-Tibbe-de-Sources-de-Feanor.jpg 216w, https:\/\/www.sennenweb.nl\/NVAEGZ\/wp-content\/uploads\/2025\/08\/Tonka-dit-Tibbe-de-Sources-de-Feanor-150x150.jpg 150w, https:\/\/www.sennenweb.nl\/NVAEGZ\/wp-content\/uploads\/2025\/08\/Tonka-dit-Tibbe-de-Sources-de-Feanor-100x100.jpg 100w, https:\/\/www.sennenweb.nl\/NVAEGZ\/wp-content\/uploads\/2025\/08\/Tonka-dit-Tibbe-de-Sources-de-Feanor-200x200.jpg 200w\" sizes=\"(max-width: 216px) 100vw, 216px\" \/>\t\t\t\t\t\t\t\t<\/a>\n\t\t\t\t\t\t\t\t\t\t\t<figcaption class=\"widget-image-caption wp-caption-text\">Tonka dit Tibbe de Sources de Feanor<\/figcaption>\n\t\t\t\t\t\t\t\t\t\t<\/figure>\n\t\t\t\t\t\t\t\t\t<\/div>\n\t\t\t\t<\/div>\n\t\t\t\t\t<\/div>\n\t\t<\/div>\n\t\t\t\t<div class=\"elementor-column elementor-col-33 elementor-inner-column elementor-element elementor-element-9710bde rael-particle-no\" data-id=\"9710bde\" data-element_type=\"column\" data-e-type=\"column\">\n\t\t\t<div class=\"elementor-widget-wrap elementor-element-populated\">\n\t\t\t\t\t\t<div class=\"elementor-element elementor-element-902bce7 elementor-widget elementor-widget-image\" data-id=\"902bce7\" data-element_type=\"widget\" data-e-type=\"widget\" data-widget_type=\"image.default\">\n\t\t\t\t<div class=\"elementor-widget-container\">\n\t\t\t\t\t\t\t\t\t\t\t\t<figure class=\"wp-caption\">\n\t\t\t\t\t\t\t\t\t\t\t<a href=\"https:\/\/www.sennenweb.nl\/NVAEGZ\/wp-content\/uploads\/2026\/03\/Axel.pdf\" target=\"_blank\">\n\t\t\t\t\t\t\t<img fetchpriority=\"high\" decoding=\"async\" width=\"480\" height=\"420\" src=\"https:\/\/www.sennenweb.nl\/NVAEGZ\/wp-content\/uploads\/2026\/03\/Axel-staand.jpeg\" class=\"attachment-large size-large wp-image-11010\" alt=\"\" srcset=\"https:\/\/www.sennenweb.nl\/NVAEGZ\/wp-content\/uploads\/2026\/03\/Axel-staand.jpeg 480w, https:\/\/www.sennenweb.nl\/NVAEGZ\/wp-content\/uploads\/2026\/03\/Axel-staand-300x263.jpeg 300w, https:\/\/www.sennenweb.nl\/NVAEGZ\/wp-content\/uploads\/2026\/03\/Axel-staand-100x88.jpeg 100w, https:\/\/www.sennenweb.nl\/NVAEGZ\/wp-content\/uploads\/2026\/03\/Axel-staand-150x131.jpeg 150w, https:\/\/www.sennenweb.nl\/NVAEGZ\/wp-content\/uploads\/2026\/03\/Axel-staand-200x175.jpeg 200w, https:\/\/www.sennenweb.nl\/NVAEGZ\/wp-content\/uploads\/2026\/03\/Axel-staand-450x394.jpeg 450w\" sizes=\"(max-width: 480px) 100vw, 480px\" \/>\t\t\t\t\t\t\t\t<\/a>\n\t\t\t\t\t\t\t\t\t\t\t<figcaption class=\"widget-image-caption wp-caption-text\">Axel<\/figcaption>\n\t\t\t\t\t\t\t\t\t\t<\/figure>\n\t\t\t\t\t\t\t\t\t<\/div>\n\t\t\t\t<\/div>\n\t\t\t\t\t<\/div>\n\t\t<\/div>\n\t\t\t\t\t<\/div>\n\t\t<\/section>\n\t\t\t\t\t<\/div>\n\t\t<\/div>\n\t\t\t\t\t<\/div>\n\t\t<\/section>\n\t\t\t\t<section class=\"elementor-section elementor-top-section elementor-element elementor-element-0c52c73 elementor-section-boxed elementor-section-height-default elementor-section-height-default rael-particle-no\" data-id=\"0c52c73\" data-element_type=\"section\" data-e-type=\"section\" data-settings=\"{&quot;rae_animations_entrance&quot;:&quot;none&quot;}\">\n\t\t\t\t\t\t<div class=\"elementor-container elementor-column-gap-default\">\n\t\t\t\t\t<div class=\"elementor-column elementor-col-100 elementor-top-column elementor-element elementor-element-757da05 rael-particle-no\" data-id=\"757da05\" data-element_type=\"column\" data-e-type=\"column\">\n\t\t\t<div class=\"elementor-widget-wrap elementor-element-populated\">\n\t\t\t\t\t\t<div class=\"elementor-element elementor-element-31559a7 elementor-widget elementor-widget-heading\" data-id=\"31559a7\" data-element_type=\"widget\" data-e-type=\"widget\" data-widget_type=\"heading.default\">\n\t\t\t\t<div class=\"elementor-widget-container\">\n\t\t\t\t\t<h2 class=\"elementor-heading-title elementor-size-default\">Entlebucher Sennenhonden<\/h2>\t\t\t\t<\/div>\n\t\t\t\t<\/div>\n\t\t\t\t\t<\/div>\n\t\t<\/div>\n\t\t\t\t\t<\/div>\n\t\t<\/section>\n\t\t\t\t<section class=\"elementor-section elementor-top-section elementor-element elementor-element-d0b8753 elementor-section-boxed elementor-section-height-default elementor-section-height-default rael-particle-no\" data-id=\"d0b8753\" data-element_type=\"section\" data-e-type=\"section\" data-settings=\"{&quot;rae_animations_entrance&quot;:&quot;none&quot;}\">\n\t\t\t\t\t\t<div class=\"elementor-container elementor-column-gap-default\">\n\t\t\t\t\t<div class=\"elementor-column elementor-col-100 elementor-top-column elementor-element elementor-element-75095dc rael-particle-no\" data-id=\"75095dc\" data-element_type=\"column\" data-e-type=\"column\">\n\t\t\t<div class=\"elementor-widget-wrap elementor-element-populated\">\n\t\t\t\t\t\t<div class=\"elementor-element elementor-element-762fc3d elementor-widget elementor-widget-image\" data-id=\"762fc3d\" data-element_type=\"widget\" data-e-type=\"widget\" data-widget_type=\"image.default\">\n\t\t\t\t<div class=\"elementor-widget-container\">\n\t\t\t\t\t\t\t\t\t\t\t\t<figure class=\"wp-caption\">\n\t\t\t\t\t\t\t\t\t\t\t<a href=\"https:\/\/www.sennenweb.nl\/NVAEGZ\/wp-content\/uploads\/2025\/08\/Eddie.pdf\" target=\"_blank\">\n\t\t\t\t\t\t\t<img loading=\"lazy\" decoding=\"async\" width=\"310\" height=\"180\" src=\"https:\/\/www.sennenweb.nl\/NVAEGZ\/wp-content\/uploads\/2025\/08\/Eddie.png\" class=\"attachment-2048x2048 size-2048x2048 wp-image-10422\" alt=\"\" srcset=\"https:\/\/www.sennenweb.nl\/NVAEGZ\/wp-content\/uploads\/2025\/08\/Eddie.png 310w, https:\/\/www.sennenweb.nl\/NVAEGZ\/wp-content\/uploads\/2025\/08\/Eddie-300x174.png 300w, https:\/\/www.sennenweb.nl\/NVAEGZ\/wp-content\/uploads\/2025\/08\/Eddie-100x58.png 100w, https:\/\/www.sennenweb.nl\/NVAEGZ\/wp-content\/uploads\/2025\/08\/Eddie-150x87.png 150w, https:\/\/www.sennenweb.nl\/NVAEGZ\/wp-content\/uploads\/2025\/08\/Eddie-200x116.png 200w\" sizes=\"(max-width: 310px) 100vw, 310px\" \/>\t\t\t\t\t\t\t\t<\/a>\n\t\t\t\t\t\t\t\t\t\t\t<figcaption class=\"widget-image-caption wp-caption-text\">Eddie od \u010cern\u00fdch les\u016f<\/figcaption>\n\t\t\t\t\t\t\t\t\t\t<\/figure>\n\t\t\t\t\t\t\t\t\t<\/div>\n\t\t\t\t<\/div>\n\t\t\t\t\t<\/div>\n\t\t<\/div>\n\t\t\t\t\t<\/div>\n\t\t<\/section>\n\t\t\t\t<section class=\"elementor-section elementor-top-section elementor-element elementor-element-8c54ce2 elementor-section-boxed elementor-section-height-default elementor-section-height-default rael-particle-no\" data-id=\"8c54ce2\" data-element_type=\"section\" data-e-type=\"section\" data-settings=\"{&quot;rae_animations_entrance&quot;:&quot;none&quot;}\">\n\t\t\t\t\t\t<div class=\"elementor-container elementor-column-gap-default\">\n\t\t\t\t\t<div class=\"elementor-column elementor-col-100 elementor-top-column elementor-element elementor-element-d23ef28 rael-particle-no\" data-id=\"d23ef28\" data-element_type=\"column\" data-e-type=\"column\">\n\t\t\t<div class=\"elementor-widget-wrap elementor-element-populated\">\n\t\t\t\t\t\t<div class=\"elementor-element elementor-element-51a2d62 elementor-widget elementor-widget-heading\" data-id=\"51a2d62\" data-element_type=\"widget\" data-e-type=\"widget\" data-widget_type=\"heading.default\">\n\t\t\t\t<div class=\"elementor-widget-container\">\n\t\t\t\t\t<h2 class=\"elementor-heading-title elementor-size-default\">Grote Zwitserse Sennenhonden<\/h2>\t\t\t\t<\/div>\n\t\t\t\t<\/div>\n\t\t\t\t\t<\/div>\n\t\t<\/div>\n\t\t\t\t\t<\/div>\n\t\t<\/section>\n\t\t\t\t<section class=\"elementor-section elementor-top-section elementor-element elementor-element-385b4cd elementor-section-boxed elementor-section-height-default elementor-section-height-default rael-particle-no\" data-id=\"385b4cd\" data-element_type=\"section\" data-e-type=\"section\" data-settings=\"{&quot;rae_animations_entrance&quot;:&quot;none&quot;}\">\n\t\t\t\t\t\t<div class=\"elementor-container elementor-column-gap-default\">\n\t\t\t\t\t<div class=\"elementor-column elementor-col-50 elementor-top-column elementor-element elementor-element-592568c rael-particle-no\" data-id=\"592568c\" data-element_type=\"column\" data-e-type=\"column\">\n\t\t\t<div class=\"elementor-widget-wrap elementor-element-populated\">\n\t\t\t\t\t\t<div class=\"elementor-element elementor-element-80e6fc1 elementor-widget elementor-widget-image\" data-id=\"80e6fc1\" data-element_type=\"widget\" data-e-type=\"widget\" data-widget_type=\"image.default\">\n\t\t\t\t<div class=\"elementor-widget-container\">\n\t\t\t\t\t\t\t\t\t\t\t\t<figure class=\"wp-caption\">\n\t\t\t\t\t\t\t\t\t\t\t<a href=\"https:\/\/www.sennenweb.nl\/NVAEGZ\/wp-content\/uploads\/2025\/08\/Spankersnest-Furgus.pdf\" target=\"_blank\">\n\t\t\t\t\t\t\t<img loading=\"lazy\" decoding=\"async\" width=\"222\" height=\"245\" src=\"https:\/\/www.sennenweb.nl\/NVAEGZ\/wp-content\/uploads\/2025\/08\/Spankersnest-Furgus-e1756125692402.png\" class=\"attachment-large size-large wp-image-10450\" alt=\"\" srcset=\"https:\/\/www.sennenweb.nl\/NVAEGZ\/wp-content\/uploads\/2025\/08\/Spankersnest-Furgus-e1756125692402.png 222w, https:\/\/www.sennenweb.nl\/NVAEGZ\/wp-content\/uploads\/2025\/08\/Spankersnest-Furgus-e1756125692402-100x110.png 100w, https:\/\/www.sennenweb.nl\/NVAEGZ\/wp-content\/uploads\/2025\/08\/Spankersnest-Furgus-e1756125692402-150x166.png 150w, https:\/\/www.sennenweb.nl\/NVAEGZ\/wp-content\/uploads\/2025\/08\/Spankersnest-Furgus-e1756125692402-200x221.png 200w\" sizes=\"(max-width: 222px) 100vw, 222px\" \/>\t\t\t\t\t\t\t\t<\/a>\n\t\t\t\t\t\t\t\t\t\t\t<figcaption class=\"widget-image-caption wp-caption-text\">Spankersnest Furgus<\/figcaption>\n\t\t\t\t\t\t\t\t\t\t<\/figure>\n\t\t\t\t\t\t\t\t\t<\/div>\n\t\t\t\t<\/div>\n\t\t\t\t\t<\/div>\n\t\t<\/div>\n\t\t\t\t<div class=\"elementor-column elementor-col-50 elementor-top-column elementor-element elementor-element-79d995a rael-particle-no\" data-id=\"79d995a\" data-element_type=\"column\" data-e-type=\"column\">\n\t\t\t<div class=\"elementor-widget-wrap elementor-element-populated\">\n\t\t\t\t\t\t<div class=\"elementor-element elementor-element-f8ae46e elementor-widget elementor-widget-image\" data-id=\"f8ae46e\" data-element_type=\"widget\" data-e-type=\"widget\" data-widget_type=\"image.default\">\n\t\t\t\t<div class=\"elementor-widget-container\">\n\t\t\t\t\t\t\t\t\t\t\t\t<figure class=\"wp-caption\">\n\t\t\t\t\t\t\t\t\t\t\t<a href=\"https:\/\/www.sennenweb.nl\/NVAEGZ\/wp-content\/uploads\/2025\/08\/Boaz-Victor-van-Carinkes-Hof.pdf\" target=\"_blank\">\n\t\t\t\t\t\t\t<img loading=\"lazy\" decoding=\"async\" width=\"260\" height=\"245\" src=\"https:\/\/www.sennenweb.nl\/NVAEGZ\/wp-content\/uploads\/2025\/08\/Boaz-Victor-van-Carinkes-Hof.jpg\" class=\"attachment-large size-large wp-image-10460\" alt=\"\" srcset=\"https:\/\/www.sennenweb.nl\/NVAEGZ\/wp-content\/uploads\/2025\/08\/Boaz-Victor-van-Carinkes-Hof.jpg 260w, https:\/\/www.sennenweb.nl\/NVAEGZ\/wp-content\/uploads\/2025\/08\/Boaz-Victor-van-Carinkes-Hof-100x94.jpg 100w, https:\/\/www.sennenweb.nl\/NVAEGZ\/wp-content\/uploads\/2025\/08\/Boaz-Victor-van-Carinkes-Hof-150x141.jpg 150w, https:\/\/www.sennenweb.nl\/NVAEGZ\/wp-content\/uploads\/2025\/08\/Boaz-Victor-van-Carinkes-Hof-200x188.jpg 200w\" sizes=\"(max-width: 260px) 100vw, 260px\" \/>\t\t\t\t\t\t\t\t<\/a>\n\t\t\t\t\t\t\t\t\t\t\t<figcaption class=\"widget-image-caption wp-caption-text\">Boaz Victor van Carinke\u2019s hof<\/figcaption>\n\t\t\t\t\t\t\t\t\t\t<\/figure>\n\t\t\t\t\t\t\t\t\t<\/div>\n\t\t\t\t<\/div>\n\t\t\t\t\t<\/div>\n\t\t<\/div>\n\t\t\t\t\t<\/div>\n\t\t<\/section>\n\t\t\t\t<section class=\"elementor-section elementor-top-section elementor-element elementor-element-420963e elementor-section-boxed elementor-section-height-default elementor-section-height-default rael-particle-no\" data-id=\"420963e\" data-element_type=\"section\" data-e-type=\"section\" data-settings=\"{&quot;rae_animations_entrance&quot;:&quot;none&quot;}\">\n\t\t\t\t\t\t<div class=\"elementor-container elementor-column-gap-default\">\n\t\t\t\t\t<div class=\"elementor-column elementor-col-33 elementor-top-column elementor-element elementor-element-783ff75 rael-particle-no\" data-id=\"783ff75\" data-element_type=\"column\" data-e-type=\"column\">\n\t\t\t<div class=\"elementor-widget-wrap elementor-element-populated\">\n\t\t\t\t\t\t<div class=\"elementor-element elementor-element-2665d23 elementor-widget elementor-widget-image\" data-id=\"2665d23\" data-element_type=\"widget\" data-e-type=\"widget\" data-widget_type=\"image.default\">\n\t\t\t\t<div class=\"elementor-widget-container\">\n\t\t\t\t\t\t\t\t\t\t\t\t<figure class=\"wp-caption\">\n\t\t\t\t\t\t\t\t\t\t\t<a href=\"https:\/\/www.sennenweb.nl\/NVAEGZ\/wp-content\/uploads\/2025\/08\/Sam.pdf\" target=\"_blank\">\n\t\t\t\t\t\t\t<img loading=\"lazy\" decoding=\"async\" width=\"217\" height=\"246\" src=\"https:\/\/www.sennenweb.nl\/NVAEGZ\/wp-content\/uploads\/2025\/08\/Sam.jpg\" class=\"attachment-large size-large wp-image-10447\" alt=\"\" srcset=\"https:\/\/www.sennenweb.nl\/NVAEGZ\/wp-content\/uploads\/2025\/08\/Sam.jpg 217w, https:\/\/www.sennenweb.nl\/NVAEGZ\/wp-content\/uploads\/2025\/08\/Sam-100x113.jpg 100w, https:\/\/www.sennenweb.nl\/NVAEGZ\/wp-content\/uploads\/2025\/08\/Sam-150x170.jpg 150w, https:\/\/www.sennenweb.nl\/NVAEGZ\/wp-content\/uploads\/2025\/08\/Sam-200x227.jpg 200w\" sizes=\"(max-width: 217px) 100vw, 217px\" \/>\t\t\t\t\t\t\t\t<\/a>\n\t\t\t\t\t\t\t\t\t\t\t<figcaption class=\"widget-image-caption wp-caption-text\">Sam<\/figcaption>\n\t\t\t\t\t\t\t\t\t\t<\/figure>\n\t\t\t\t\t\t\t\t\t<\/div>\n\t\t\t\t<\/div>\n\t\t\t\t\t<\/div>\n\t\t<\/div>\n\t\t\t\t<div class=\"elementor-column elementor-col-33 elementor-top-column elementor-element elementor-element-4963402 rael-particle-no\" data-id=\"4963402\" data-element_type=\"column\" data-e-type=\"column\">\n\t\t\t<div class=\"elementor-widget-wrap elementor-element-populated\">\n\t\t\t\t\t\t<div class=\"elementor-element elementor-element-a61dfd9 elementor-widget elementor-widget-image\" data-id=\"a61dfd9\" data-element_type=\"widget\" data-e-type=\"widget\" data-widget_type=\"image.default\">\n\t\t\t\t<div class=\"elementor-widget-container\">\n\t\t\t\t\t\t\t\t\t\t\t\t<figure class=\"wp-caption\">\n\t\t\t\t\t\t\t\t\t\t\t<a href=\"https:\/\/www.sennenweb.nl\/NVAEGZ\/wp-content\/uploads\/2025\/08\/Urs-Kees-van-t-Samaikanest.pdf\" target=\"_blank\">\n\t\t\t\t\t\t\t<img loading=\"lazy\" decoding=\"async\" width=\"243\" height=\"244\" src=\"https:\/\/www.sennenweb.nl\/NVAEGZ\/wp-content\/uploads\/2025\/08\/Urs-Kees-van-t-Samaikanest.jpg\" class=\"attachment-large size-large wp-image-10451\" alt=\"\" srcset=\"https:\/\/www.sennenweb.nl\/NVAEGZ\/wp-content\/uploads\/2025\/08\/Urs-Kees-van-t-Samaikanest.jpg 243w, https:\/\/www.sennenweb.nl\/NVAEGZ\/wp-content\/uploads\/2025\/08\/Urs-Kees-van-t-Samaikanest-150x151.jpg 150w, https:\/\/www.sennenweb.nl\/NVAEGZ\/wp-content\/uploads\/2025\/08\/Urs-Kees-van-t-Samaikanest-100x100.jpg 100w, https:\/\/www.sennenweb.nl\/NVAEGZ\/wp-content\/uploads\/2025\/08\/Urs-Kees-van-t-Samaikanest-200x201.jpg 200w\" sizes=\"(max-width: 243px) 100vw, 243px\" \/>\t\t\t\t\t\t\t\t<\/a>\n\t\t\t\t\t\t\t\t\t\t\t<figcaption class=\"widget-image-caption wp-caption-text\">Urs-Kees van 't Samaikanest<\/figcaption>\n\t\t\t\t\t\t\t\t\t\t<\/figure>\n\t\t\t\t\t\t\t\t\t<\/div>\n\t\t\t\t<\/div>\n\t\t\t\t\t<\/div>\n\t\t<\/div>\n\t\t\t\t<div class=\"elementor-column elementor-col-33 elementor-top-column elementor-element elementor-element-4faf2d4 rael-particle-no\" data-id=\"4faf2d4\" data-element_type=\"column\" data-e-type=\"column\">\n\t\t\t<div class=\"elementor-widget-wrap elementor-element-populated\">\n\t\t\t\t\t\t<div class=\"elementor-element elementor-element-4cd76c8 elementor-widget elementor-widget-image\" data-id=\"4cd76c8\" data-element_type=\"widget\" data-e-type=\"widget\" data-widget_type=\"image.default\">\n\t\t\t\t<div class=\"elementor-widget-container\">\n\t\t\t\t\t\t\t\t\t\t\t\t<figure class=\"wp-caption\">\n\t\t\t\t\t\t\t\t\t\t\t<a href=\"https:\/\/www.sennenweb.nl\/NVAEGZ\/wp-content\/uploads\/2025\/09\/Paco-van-de-Weiakkers.pdf\" target=\"_blank\">\n\t\t\t\t\t\t\t<img loading=\"lazy\" decoding=\"async\" width=\"605\" height=\"509\" src=\"https:\/\/www.sennenweb.nl\/NVAEGZ\/wp-content\/uploads\/2025\/09\/Paco-staand-1024x861.jpg\" class=\"attachment-large size-large wp-image-10594\" alt=\"\" srcset=\"https:\/\/www.sennenweb.nl\/NVAEGZ\/wp-content\/uploads\/2025\/09\/Paco-staand-1024x861.jpg 1024w, https:\/\/www.sennenweb.nl\/NVAEGZ\/wp-content\/uploads\/2025\/09\/Paco-staand-300x252.jpg 300w, https:\/\/www.sennenweb.nl\/NVAEGZ\/wp-content\/uploads\/2025\/09\/Paco-staand-768x646.jpg 768w, https:\/\/www.sennenweb.nl\/NVAEGZ\/wp-content\/uploads\/2025\/09\/Paco-staand-1536x1292.jpg 1536w, https:\/\/www.sennenweb.nl\/NVAEGZ\/wp-content\/uploads\/2025\/09\/Paco-staand-2048x1723.jpg 2048w, https:\/\/www.sennenweb.nl\/NVAEGZ\/wp-content\/uploads\/2025\/09\/Paco-staand-100x84.jpg 100w, https:\/\/www.sennenweb.nl\/NVAEGZ\/wp-content\/uploads\/2025\/09\/Paco-staand-150x126.jpg 150w, https:\/\/www.sennenweb.nl\/NVAEGZ\/wp-content\/uploads\/2025\/09\/Paco-staand-200x168.jpg 200w, https:\/\/www.sennenweb.nl\/NVAEGZ\/wp-content\/uploads\/2025\/09\/Paco-staand-450x379.jpg 450w, https:\/\/www.sennenweb.nl\/NVAEGZ\/wp-content\/uploads\/2025\/09\/Paco-staand-600x505.jpg 600w, https:\/\/www.sennenweb.nl\/NVAEGZ\/wp-content\/uploads\/2025\/09\/Paco-staand-900x757.jpg 900w\" sizes=\"(max-width: 605px) 100vw, 605px\" \/>\t\t\t\t\t\t\t\t<\/a>\n\t\t\t\t\t\t\t\t\t\t\t<figcaption class=\"widget-image-caption wp-caption-text\">Paco van de Weiakkers<\/figcaption>\n\t\t\t\t\t\t\t\t\t\t<\/figure>\n\t\t\t\t\t\t\t\t\t<\/div>\n\t\t\t\t<\/div>\n\t\t\t\t\t<\/div>\n\t\t<\/div>\n\t\t\t\t\t<\/div>\n\t\t<\/section>\n\t\t\t\t<\/div>\n\t\t","protected":false},"excerpt":{"rendered":"<p>Onderstaande reuen zijn aangekeurd volgens het VerenigingsFokReglement (VFR) van het betreffende ras. Hun gegevens zijn te raadplegen door op hun foto te klikken. Neem contact op met de eigenaar voor een mogelijke dekking. Houd er rekening mee dat sommige reuen &hellip;<\/p>\n<p class=\"read-more\"> <a class=\"more-link\" href=\"https:\/\/www.sennenweb.nl\/NVAEGZ\/dekreuen-nvaegz\/\"> <span class=\"screen-reader-text\">Dekreuen NVAEGZ<\/span> Meer lezen &raquo;<\/a><\/p>\n","protected":false},"author":88,"featured_media":0,"parent":0,"menu_order":0,"comment_status":"closed","ping_status":"closed","template":"","meta":{"ngg_post_thumbnail":0,"footnotes":""},"class_list":["post-10394","page","type-page","status-publish","hentry"],"featured_image_src":"","featured_image_src_square":false,"rbea_author_info":{"display_name":"M.M.F. van Veggel","author_link":"https:\/\/www.sennenweb.nl\/NVAEGZ\/author\/sabina-ruster\/"},"rbea_excerpt_info":"Onderstaande reuen zijn aangekeurd volgens het VerenigingsFokReglement (VFR) van het betreffende ras. Hun gegevens zijn te raadplegen door op hun foto te klikken. Neem contact op met de eigenaar voor een mogelijke dekking. Houd er rekening mee dat sommige reuen &hellip;<p class=\"read-more\"> <a class=\"more-link\" href=\"https:\/\/www.sennenweb.nl\/NVAEGZ\/dekreuen-nvaegz\/\"> <span class=\"screen-reader-text\">Dekreuen NVAEGZ<\/span> Meer lezen &raquo;<\/a><\/p>","_links":{"self":[{"href":"https:\/\/www.sennenweb.nl\/NVAEGZ\/wp-json\/wp\/v2\/pages\/10394","targetHints":{"allow":["GET"]}}],"collection":[{"href":"https:\/\/www.sennenweb.nl\/NVAEGZ\/wp-json\/wp\/v2\/pages"}],"about":[{"href":"https:\/\/www.sennenweb.nl\/NVAEGZ\/wp-json\/wp\/v2\/types\/page"}],"author":[{"embeddable":true,"href":"https:\/\/www.sennenweb.nl\/NVAEGZ\/wp-json\/wp\/v2\/users\/88"}],"replies":[{"embeddable":true,"href":"https:\/\/www.sennenweb.nl\/NVAEGZ\/wp-json\/wp\/v2\/comments?post=10394"}],"version-history":[{"count":82,"href":"https:\/\/www.sennenweb.nl\/NVAEGZ\/wp-json\/wp\/v2\/pages\/10394\/revisions"}],"predecessor-version":[{"id":11016,"href":"https:\/\/www.sennenweb.nl\/NVAEGZ\/wp-json\/wp\/v2\/pages\/10394\/revisions\/11016"}],"wp:attachment":[{"href":"https:\/\/www.sennenweb.nl\/NVAEGZ\/wp-json\/wp\/v2\/media?parent=10394"}],"curies":[{"name":"wp","href":"https:\/\/api.w.org\/{rel}","templated":true}]}}